{"id":88,"date":"2021-04-07T16:05:09","date_gmt":"2021-04-07T14:05:09","guid":{"rendered":"https:\/\/blog.kocherscheidt.org\/?page_id=88"},"modified":"2021-04-07T20:20:50","modified_gmt":"2021-04-07T18:20:50","slug":"maerzimpressionen","status":"publish","type":"page","link":"https:\/\/www.fast-lebenszeichnend.de\/?page_id=88","title":{"rendered":"M\u00e4rzimpressionen"},"content":{"rendered":"<div class=\"n2_clear\"><ss3-force-full-width data-overflow-x=\"body\" data-horizontal-selector=\"body\"><div class=\"n2-section-smartslider fitvidsignore  n2_clear\" data-ssid=\"2\" tabindex=\"0\" role=\"region\" aria-label=\"Slider\"><div id=\"n2-ss-2-align\" class=\"n2-ss-align\"><div class=\"n2-padding\"><div id=\"n2-ss-2\" data-creator=\"Smart Slider 3\" data-responsive=\"fullwidth\" class=\"n2-ss-slider n2-ow n2-has-hover n2notransition  \">\n        <div class=\"n2-ss-slider-1 n2_ss__touch_element n2-ow\">\n            <div class=\"n2-ss-slider-2 n2-ow\">\n                                                <div class=\"n2-ss-slider-3 n2-ow\">\n\n                    <div class=\"n2-ss-slide-backgrounds n2-ow-all\"><div class=\"n2-ss-slide-background\" data-public-id=\"1\" data-mode=\"fill\"><div class=\"n2-ss-slide-background-image\" data-blur=\"0\" data-opacity=\"100\" data-x=\"50\" data-y=\"50\" data-alt=\"\" data-title=\"\"><picture class=\"skip-lazy\" data-skip-lazy=\"1\"><img decoding=\"async\" src=\"\/\/www.fast-lebenszeichnend.de\/wp-content\/uploads\/2021\/04\/DSC00729-1.jpeg\" alt=\"\" title=\"\" loading=\"lazy\" class=\"skip-lazy\" data-skip-lazy=\"1\"><\/picture><\/div><div data-color=\"RGBA(255,255,255,0)\" style=\"background-color: RGBA(255,255,255,0);\" class=\"n2-ss-slide-background-color\"><\/div><\/div><div class=\"n2-ss-slide-background\" data-public-id=\"2\" data-mode=\"fill\"><div class=\"n2-ss-slide-background-image\" data-blur=\"0\" data-opacity=\"100\" data-x=\"50\" data-y=\"50\" data-alt=\"\" data-title=\"\"><picture class=\"skip-lazy\" data-skip-lazy=\"1\"><img decoding=\"async\" src=\"\/\/www.fast-lebenszeichnend.de\/wp-content\/uploads\/2021\/04\/DSC00730-1.jpeg\" alt=\"\" title=\"\" loading=\"lazy\" class=\"skip-lazy\" data-skip-lazy=\"1\"><\/picture><\/div><div data-color=\"RGBA(255,255,255,0)\" style=\"background-color: RGBA(255,255,255,0);\" class=\"n2-ss-slide-background-color\"><\/div><\/div><div class=\"n2-ss-slide-background\" data-public-id=\"3\" data-mode=\"fill\"><div class=\"n2-ss-slide-background-image\" data-blur=\"0\" data-opacity=\"100\" data-x=\"50\" data-y=\"50\" data-alt=\"\" data-title=\"\"><picture class=\"skip-lazy\" data-skip-lazy=\"1\"><img decoding=\"async\" src=\"\/\/www.fast-lebenszeichnend.de\/wp-content\/uploads\/2021\/04\/DSC00731-1.jpeg\" alt=\"\" title=\"\" loading=\"lazy\" class=\"skip-lazy\" data-skip-lazy=\"1\"><\/picture><\/div><div data-color=\"RGBA(255,255,255,0)\" style=\"background-color: RGBA(255,255,255,0);\" class=\"n2-ss-slide-background-color\"><\/div><\/div><div class=\"n2-ss-slide-background\" data-public-id=\"4\" data-mode=\"fill\"><div class=\"n2-ss-slide-background-image\" data-blur=\"0\" data-opacity=\"100\" data-x=\"50\" data-y=\"50\" data-alt=\"\" data-title=\"\"><picture class=\"skip-lazy\" data-skip-lazy=\"1\"><img decoding=\"async\" src=\"\/\/www.fast-lebenszeichnend.de\/wp-content\/uploads\/2021\/04\/DSC00737-1.jpeg\" alt=\"\" title=\"\" loading=\"lazy\" class=\"skip-lazy\" data-skip-lazy=\"1\"><\/picture><\/div><div data-color=\"RGBA(255,255,255,0)\" style=\"background-color: RGBA(255,255,255,0);\" class=\"n2-ss-slide-background-color\"><\/div><\/div><div class=\"n2-ss-slide-background\" data-public-id=\"5\" data-mode=\"fill\"><div class=\"n2-ss-slide-background-image\" data-blur=\"0\" data-opacity=\"100\" data-x=\"50\" data-y=\"50\" data-alt=\"\" data-title=\"\"><picture class=\"skip-lazy\" data-skip-lazy=\"1\"><img decoding=\"async\" src=\"\/\/www.fast-lebenszeichnend.de\/wp-content\/uploads\/2021\/04\/DSC00738-1.jpeg\" alt=\"\" title=\"\" loading=\"lazy\" class=\"skip-lazy\" data-skip-lazy=\"1\"><\/picture><\/div><div data-color=\"RGBA(255,255,255,0)\" style=\"background-color: RGBA(255,255,255,0);\" class=\"n2-ss-slide-background-color\"><\/div><\/div><div class=\"n2-ss-slide-background\" data-public-id=\"6\" data-mode=\"fill\"><div class=\"n2-ss-slide-background-image\" data-blur=\"0\" data-opacity=\"100\" data-x=\"50\" data-y=\"50\" data-alt=\"\" data-title=\"\"><picture class=\"skip-lazy\" data-skip-lazy=\"1\"><img decoding=\"async\" src=\"\/\/www.fast-lebenszeichnend.de\/wp-content\/uploads\/2021\/04\/DSC00740-1.jpeg\" alt=\"\" title=\"\" loading=\"lazy\" class=\"skip-lazy\" data-skip-lazy=\"1\"><\/picture><\/div><div data-color=\"RGBA(255,255,255,0)\" style=\"background-color: RGBA(255,255,255,0);\" class=\"n2-ss-slide-background-color\"><\/div><\/div><div class=\"n2-ss-slide-background\" data-public-id=\"7\" data-mode=\"fill\"><div class=\"n2-ss-slide-background-image\" data-blur=\"0\" data-opacity=\"100\" data-x=\"50\" data-y=\"50\" data-alt=\"\" data-title=\"\"><picture class=\"skip-lazy\" data-skip-lazy=\"1\"><img decoding=\"async\" src=\"\/\/www.fast-lebenszeichnend.de\/wp-content\/uploads\/2021\/04\/DSC00741-1.jpeg\" alt=\"\" title=\"\" loading=\"lazy\" class=\"skip-lazy\" data-skip-lazy=\"1\"><\/picture><\/div><div data-color=\"RGBA(255,255,255,0)\" style=\"background-color: RGBA(255,255,255,0);\" class=\"n2-ss-slide-background-color\"><\/div><\/div><div class=\"n2-ss-slide-background\" data-public-id=\"8\" data-mode=\"fill\"><div class=\"n2-ss-slide-background-image\" data-blur=\"0\" data-opacity=\"100\" data-x=\"50\" data-y=\"50\" data-alt=\"\" data-title=\"\"><picture class=\"skip-lazy\" data-skip-lazy=\"1\"><img decoding=\"async\" src=\"\/\/www.fast-lebenszeichnend.de\/wp-content\/uploads\/2021\/04\/DSC00742-3.jpeg\" alt=\"\" title=\"\" loading=\"lazy\" class=\"skip-lazy\" data-skip-lazy=\"1\"><\/picture><\/div><div data-color=\"RGBA(255,255,255,0)\" style=\"background-color: RGBA(255,255,255,0);\" class=\"n2-ss-slide-background-color\"><\/div><\/div><div class=\"n2-ss-slide-background\" data-public-id=\"9\" data-mode=\"fill\"><div class=\"n2-ss-slide-background-image\" data-blur=\"0\" data-opacity=\"100\" data-x=\"50\" data-y=\"50\" data-alt=\"\" data-title=\"\"><picture class=\"skip-lazy\" data-skip-lazy=\"1\"><img decoding=\"async\" src=\"\/\/www.fast-lebenszeichnend.de\/wp-content\/uploads\/2021\/04\/DSC00743-1.jpeg\" alt=\"\" title=\"\" loading=\"lazy\" class=\"skip-lazy\" data-skip-lazy=\"1\"><\/picture><\/div><div data-color=\"RGBA(255,255,255,0)\" style=\"background-color: RGBA(255,255,255,0);\" class=\"n2-ss-slide-background-color\"><\/div><\/div><\/div>                    <div class=\"n2-ss-slider-4 n2-ow\">\n                        <svg xmlns=\"http:\/\/www.w3.org\/2000\/svg\" viewBox=\"0 0 1200 600\" data-related-device=\"desktopPortrait\" class=\"n2-ow n2-ss-preserve-size n2-ss-preserve-size--slider n2-ss-slide-limiter\"><\/svg><div data-first=\"1\" data-slide-duration=\"0\" data-id=\"23\" data-slide-public-id=\"1\" data-title=\"DSC00729\" class=\"n2-ss-slide n2-ow  n2-ss-slide-23\"><div role=\"note\" class=\"n2-ss-slide--focus\" tabindex=\"-1\">DSC00729<\/div><div class=\"n2-ss-layers-container n2-ss-slide-limiter n2-ow\"><div class=\"n2-ss-layer n2-ow n-uc-L8qp6ip9RW8Q\" data-sstype=\"slide\" data-pm=\"default\"><\/div><\/div><\/div><div data-slide-duration=\"0\" data-id=\"24\" data-slide-public-id=\"2\" data-title=\"DSC00730\" class=\"n2-ss-slide n2-ow  n2-ss-slide-24\"><div role=\"note\" class=\"n2-ss-slide--focus\" tabindex=\"-1\">DSC00730<\/div><div class=\"n2-ss-layers-container n2-ss-slide-limiter n2-ow\"><div class=\"n2-ss-layer n2-ow n-uc-S6hOatJAQeuH\" data-sstype=\"slide\" data-pm=\"default\"><\/div><\/div><\/div><div data-slide-duration=\"0\" data-id=\"25\" data-slide-public-id=\"3\" data-title=\"DSC00731\" class=\"n2-ss-slide n2-ow  n2-ss-slide-25\"><div role=\"note\" class=\"n2-ss-slide--focus\" tabindex=\"-1\">DSC00731<\/div><div class=\"n2-ss-layers-container n2-ss-slide-limiter n2-ow\"><div class=\"n2-ss-layer n2-ow n-uc-gJPAeB65ZPcw\" data-sstype=\"slide\" data-pm=\"default\"><\/div><\/div><\/div><div data-slide-duration=\"0\" data-id=\"26\" data-slide-public-id=\"4\" data-title=\"DSC00737\" class=\"n2-ss-slide n2-ow  n2-ss-slide-26\"><div role=\"note\" class=\"n2-ss-slide--focus\" tabindex=\"-1\">DSC00737<\/div><div class=\"n2-ss-layers-container n2-ss-slide-limiter n2-ow\"><div class=\"n2-ss-layer n2-ow n-uc-FSgZsHpNzvG3\" data-sstype=\"slide\" data-pm=\"default\"><\/div><\/div><\/div><div data-slide-duration=\"0\" data-id=\"27\" data-slide-public-id=\"5\" data-title=\"DSC00738\" class=\"n2-ss-slide n2-ow  n2-ss-slide-27\"><div role=\"note\" class=\"n2-ss-slide--focus\" tabindex=\"-1\">DSC00738<\/div><div class=\"n2-ss-layers-container n2-ss-slide-limiter n2-ow\"><div class=\"n2-ss-layer n2-ow n-uc-o53F3yKPVkvr\" data-sstype=\"slide\" data-pm=\"default\"><\/div><\/div><\/div><div data-slide-duration=\"0\" data-id=\"28\" data-slide-public-id=\"6\" data-title=\"DSC00740\" class=\"n2-ss-slide n2-ow  n2-ss-slide-28\"><div role=\"note\" class=\"n2-ss-slide--focus\" tabindex=\"-1\">DSC00740<\/div><div class=\"n2-ss-layers-container n2-ss-slide-limiter n2-ow\"><div class=\"n2-ss-layer n2-ow n-uc-jbkES3K82w7f\" data-sstype=\"slide\" data-pm=\"default\"><\/div><\/div><\/div><div data-slide-duration=\"0\" data-id=\"29\" data-slide-public-id=\"7\" data-title=\"DSC00741\" class=\"n2-ss-slide n2-ow  n2-ss-slide-29\"><div role=\"note\" class=\"n2-ss-slide--focus\" tabindex=\"-1\">DSC00741<\/div><div class=\"n2-ss-layers-container n2-ss-slide-limiter n2-ow\"><div class=\"n2-ss-layer n2-ow n-uc-LbIKXoNiO8rF\" data-sstype=\"slide\" data-pm=\"default\"><\/div><\/div><\/div><div data-slide-duration=\"0\" data-id=\"30\" data-slide-public-id=\"8\" data-title=\"DSC00742\" class=\"n2-ss-slide n2-ow  n2-ss-slide-30\"><div role=\"note\" class=\"n2-ss-slide--focus\" tabindex=\"-1\">DSC00742<\/div><div class=\"n2-ss-layers-container n2-ss-slide-limiter n2-ow\"><div class=\"n2-ss-layer n2-ow n-uc-WwakcXvc2z8S\" data-sstype=\"slide\" data-pm=\"default\"><\/div><\/div><\/div><div data-slide-duration=\"0\" data-id=\"31\" data-slide-public-id=\"9\" data-title=\"DSC00743\" class=\"n2-ss-slide n2-ow  n2-ss-slide-31\"><div role=\"note\" class=\"n2-ss-slide--focus\" tabindex=\"-1\">DSC00743<\/div><div class=\"n2-ss-layers-container n2-ss-slide-limiter n2-ow\"><div class=\"n2-ss-layer n2-ow n-uc-QLdxeUNMftOr\" data-sstype=\"slide\" data-pm=\"default\"><\/div><\/div><\/div>                    <\/div>\n\n                                    <\/div>\n            <\/div>\n        <\/div>\n        <\/div><ss3-loader><\/ss3-loader><\/div><\/div><div class=\"n2_clear\"><\/div><\/div><\/ss3-force-full-width><\/div>\n\n\n<div class=\"wp-block-media-text alignfull is-stacked-on-mobile has-background-color has-primary-background-color has-text-color has-background\"><figure class=\"wp-block-media-text__media\"><img loading=\"lazy\" decoding=\"async\" width=\"1024\" height=\"683\" src=\"https:\/\/blog.kocherscheidt.org\/wp-content\/uploads\/2021\/04\/DSC00781-1-1024x683.jpeg\" alt=\"\" class=\"wp-image-226 size-full\" srcset=\"https:\/\/www.fast-lebenszeichnend.de\/wp-content\/uploads\/2021\/04\/DSC00781-1-1024x683.jpeg 1024w, https:\/\/www.fast-lebenszeichnend.de\/wp-content\/uploads\/2021\/04\/DSC00781-1-300x200.jpeg 300w, https:\/\/www.fast-lebenszeichnend.de\/wp-content\/uploads\/2021\/04\/DSC00781-1-768x512.jpeg 768w, https:\/\/www.fast-lebenszeichnend.de\/wp-content\/uploads\/2021\/04\/DSC00781-1-1536x1024.jpeg 1536w, https:\/\/www.fast-lebenszeichnend.de\/wp-content\/uploads\/2021\/04\/DSC00781-1-1200x800.jpeg 1200w, https:\/\/www.fast-lebenszeichnend.de\/wp-content\/uploads\/2021\/04\/DSC00781-1-1980x1320.jpeg 1980w, https:\/\/www.fast-lebenszeichnend.de\/wp-content\/uploads\/2021\/04\/DSC00781-1.jpeg 2048w\" sizes=\"auto, (max-width: 1024px) 100vw, 1024px\" \/><\/figure><div class=\"wp-block-media-text__content\">\n<p class=\"has-drop-cap has-background-color has-primary-background-color has-text-color has-background has-normal-font-size\">Manchmal lohnt es sich, sich einfach ein paar Minuten Zeit zu nehmen und sich im Garten umzuschauen. Ich habe eine Menge entdeckt. Nicht zuletzt die Riesenameisen, die seit diesem Jahr unseren Garten beh\u00fcten.<\/p>\n<\/div><\/div>\n\n\n\n<div class=\"wp-block-media-text alignfull has-media-on-the-right is-stacked-on-mobile has-background-color has-primary-background-color has-text-color has-background\"><figure class=\"wp-block-media-text__media\"><img loading=\"lazy\" decoding=\"async\" width=\"1024\" height=\"683\" src=\"https:\/\/blog.kocherscheidt.org\/wp-content\/uploads\/2021\/04\/DSC00742-3-1024x683.jpeg\" alt=\"\" class=\"wp-image-246 size-full\" srcset=\"https:\/\/www.fast-lebenszeichnend.de\/wp-content\/uploads\/2021\/04\/DSC00742-3-1024x683.jpeg 1024w, https:\/\/www.fast-lebenszeichnend.de\/wp-content\/uploads\/2021\/04\/DSC00742-3-300x200.jpeg 300w, https:\/\/www.fast-lebenszeichnend.de\/wp-content\/uploads\/2021\/04\/DSC00742-3-768x512.jpeg 768w, https:\/\/www.fast-lebenszeichnend.de\/wp-content\/uploads\/2021\/04\/DSC00742-3-1536x1024.jpeg 1536w, https:\/\/www.fast-lebenszeichnend.de\/wp-content\/uploads\/2021\/04\/DSC00742-3-1200x800.jpeg 1200w, https:\/\/www.fast-lebenszeichnend.de\/wp-content\/uploads\/2021\/04\/DSC00742-3-1980x1320.jpeg 1980w, https:\/\/www.fast-lebenszeichnend.de\/wp-content\/uploads\/2021\/04\/DSC00742-3.jpeg 2048w\" sizes=\"auto, (max-width: 1024px) 100vw, 1024px\" \/><\/figure><div class=\"wp-block-media-text__content\">\n<p class=\"has-drop-cap\">In Walldorf gelingt die Aufzucht von St\u00f6rchen offensichtlich sehr gut. Bei einem Fr\u00fchlingsspaziergang kann man viele Exemplare am Himmel beobachten. Beeindruckende Spannweite vor einem fantastischen Hintergrund aus Licht und Wolken<\/p>\n<\/div><\/div>\n\n\n\n<div class=\"wp-block-media-text alignfull is-stacked-on-mobile has-background-color has-primary-background-color has-text-color has-background\"><figure class=\"wp-block-media-text__media\"><img loading=\"lazy\" decoding=\"async\" width=\"1024\" height=\"683\" src=\"https:\/\/blog.kocherscheidt.org\/wp-content\/uploads\/2021\/04\/DSC00789-1-1024x683.jpeg\" alt=\"\" class=\"wp-image-225 size-full\" srcset=\"https:\/\/www.fast-lebenszeichnend.de\/wp-content\/uploads\/2021\/04\/DSC00789-1-1024x683.jpeg 1024w, https:\/\/www.fast-lebenszeichnend.de\/wp-content\/uploads\/2021\/04\/DSC00789-1-300x200.jpeg 300w, https:\/\/www.fast-lebenszeichnend.de\/wp-content\/uploads\/2021\/04\/DSC00789-1-768x512.jpeg 768w, https:\/\/www.fast-lebenszeichnend.de\/wp-content\/uploads\/2021\/04\/DSC00789-1-1536x1024.jpeg 1536w, https:\/\/www.fast-lebenszeichnend.de\/wp-content\/uploads\/2021\/04\/DSC00789-1-1200x800.jpeg 1200w, https:\/\/www.fast-lebenszeichnend.de\/wp-content\/uploads\/2021\/04\/DSC00789-1-1980x1320.jpeg 1980w, https:\/\/www.fast-lebenszeichnend.de\/wp-content\/uploads\/2021\/04\/DSC00789-1.jpeg 2048w\" sizes=\"auto, (max-width: 1024px) 100vw, 1024px\" \/><\/figure><div class=\"wp-block-media-text__content\">\n<p class=\"has-drop-cap has-background-color has-primary-background-color has-text-color has-background\">Manchmal frage ich mich, was sich wohl unter dem &#8222;Grabstein&#8220; befindet, der in unserem Vorgarten steht. Vielleicht liegt da ja wirklich ein Mammut begraben. <\/p>\n<\/div><\/div>\n\n\n\n<div class=\"wp-block-media-text alignfull has-media-on-the-right is-stacked-on-mobile has-background-color has-primary-background-color has-text-color has-background\"><figure class=\"wp-block-media-text__media\"><img loading=\"lazy\" decoding=\"async\" width=\"1024\" height=\"683\" src=\"https:\/\/blog.kocherscheidt.org\/wp-content\/uploads\/2021\/04\/DSC00775-1-1024x683.jpeg\" alt=\"\" class=\"wp-image-232 size-full\" srcset=\"https:\/\/www.fast-lebenszeichnend.de\/wp-content\/uploads\/2021\/04\/DSC00775-1-1024x683.jpeg 1024w, https:\/\/www.fast-lebenszeichnend.de\/wp-content\/uploads\/2021\/04\/DSC00775-1-300x200.jpeg 300w, https:\/\/www.fast-lebenszeichnend.de\/wp-content\/uploads\/2021\/04\/DSC00775-1-768x512.jpeg 768w, https:\/\/www.fast-lebenszeichnend.de\/wp-content\/uploads\/2021\/04\/DSC00775-1-1536x1024.jpeg 1536w, https:\/\/www.fast-lebenszeichnend.de\/wp-content\/uploads\/2021\/04\/DSC00775-1-1200x800.jpeg 1200w, https:\/\/www.fast-lebenszeichnend.de\/wp-content\/uploads\/2021\/04\/DSC00775-1-1980x1320.jpeg 1980w, https:\/\/www.fast-lebenszeichnend.de\/wp-content\/uploads\/2021\/04\/DSC00775-1.jpeg 2048w\" sizes=\"auto, (max-width: 1024px) 100vw, 1024px\" \/><\/figure><div class=\"wp-block-media-text__content\">\n<p class=\"has-drop-cap\">Ab und an braucht es Ver\u00e4nderung. Nachdem die Sonne sich Anfang M\u00e4rz \u00f6fter gezeigt hat, hat es uns in den Garten getrieben und wir haben die ein oder andere Ecke etwas versch\u00f6nert.<\/p>\n<\/div><\/div>\n\n\n\n<div class=\"wp-block-media-text alignfull is-stacked-on-mobile has-background-color has-primary-background-color has-text-color has-background\"><figure class=\"wp-block-media-text__media\"><img loading=\"lazy\" decoding=\"async\" width=\"683\" height=\"1024\" src=\"https:\/\/blog.kocherscheidt.org\/wp-content\/uploads\/2021\/04\/DSC00771-1-683x1024.jpeg\" alt=\"\" class=\"wp-image-236 size-full\" srcset=\"https:\/\/www.fast-lebenszeichnend.de\/wp-content\/uploads\/2021\/04\/DSC00771-1-683x1024.jpeg 683w, https:\/\/www.fast-lebenszeichnend.de\/wp-content\/uploads\/2021\/04\/DSC00771-1-200x300.jpeg 200w, https:\/\/www.fast-lebenszeichnend.de\/wp-content\/uploads\/2021\/04\/DSC00771-1-768x1152.jpeg 768w, https:\/\/www.fast-lebenszeichnend.de\/wp-content\/uploads\/2021\/04\/DSC00771-1-1024x1536.jpeg 1024w, https:\/\/www.fast-lebenszeichnend.de\/wp-content\/uploads\/2021\/04\/DSC00771-1-1200x1800.jpeg 1200w, https:\/\/www.fast-lebenszeichnend.de\/wp-content\/uploads\/2021\/04\/DSC00771-1.jpeg 1365w\" sizes=\"auto, (max-width: 683px) 100vw, 683px\" \/><\/figure><div class=\"wp-block-media-text__content\">\n<p class=\"has-drop-cap has-background-color has-primary-background-color has-text-color has-background\">Diese Zierpflaume ist ganz sch\u00f6n z\u00e4h. Die Vorbesitzer haben und schon gewarnt, dass sie wohl raus muss. Mit ihren Bl\u00fcten und Bl\u00e4ttern nervt sie auch manchmal gewaltig. Aber wer sonst hat schon einen \u2665\ufe0f &#8211; Baum im Garten. <\/p>\n<\/div><\/div>\n\n\n\n<p><\/p>\n","protected":false},"excerpt":{"rendered":"<p>Manchmal lohnt es sich, sich einfach ein paar Minuten Zeit zu nehmen und sich im Garten umzuschauen. Ich habe eine Menge entdeckt. Nicht zuletzt die Riesenameisen, die seit diesem Jahr unseren Garten beh\u00fcten. In Walldorf gelingt die Aufzucht von St\u00f6rchen offensichtlich sehr gut. Bei einem Fr\u00fchlingsspaziergang kann man viele Exemplare am Himmel beobachten. Beeindruckende Spannweite [&hellip;]<\/p>\n","protected":false},"author":1,"featured_media":102,"parent":0,"menu_order":0,"comment_status":"closed","ping_status":"closed","template":"templates\/template-full-width.php","meta":{"footnotes":""},"class_list":["post-88","page","type-page","status-publish","has-post-thumbnail","hentry"],"_links":{"self":[{"href":"https:\/\/www.fast-lebenszeichnend.de\/index.php?rest_route=\/wp\/v2\/pages\/88","targetHints":{"allow":["GET"]}}],"collection":[{"href":"https:\/\/www.fast-lebenszeichnend.de\/index.php?rest_route=\/wp\/v2\/pages"}],"about":[{"href":"https:\/\/www.fast-lebenszeichnend.de\/index.php?rest_route=\/wp\/v2\/types\/page"}],"author":[{"embeddable":true,"href":"https:\/\/www.fast-lebenszeichnend.de\/index.php?rest_route=\/wp\/v2\/users\/1"}],"replies":[{"embeddable":true,"href":"https:\/\/www.fast-lebenszeichnend.de\/index.php?rest_route=%2Fwp%2Fv2%2Fcomments&post=88"}],"version-history":[{"count":23,"href":"https:\/\/www.fast-lebenszeichnend.de\/index.php?rest_route=\/wp\/v2\/pages\/88\/revisions"}],"predecessor-version":[{"id":262,"href":"https:\/\/www.fast-lebenszeichnend.de\/index.php?rest_route=\/wp\/v2\/pages\/88\/revisions\/262"}],"wp:featuredmedia":[{"embeddable":true,"href":"https:\/\/www.fast-lebenszeichnend.de\/index.php?rest_route=\/wp\/v2\/media\/102"}],"wp:attachment":[{"href":"https:\/\/www.fast-lebenszeichnend.de\/index.php?rest_route=%2Fwp%2Fv2%2Fmedia&parent=88"}],"curies":[{"name":"wp","href":"https:\/\/api.w.org\/{rel}","templated":true}]}}