{"id":6,"date":"2021-04-05T19:48:40","date_gmt":"2021-04-05T17:48:40","guid":{"rendered":"https:\/\/co19.kocherscheidt.org\/?page_id=6"},"modified":"2021-04-06T10:27:52","modified_gmt":"2021-04-06T08:27:52","slug":"ueber-uns","status":"publish","type":"page","link":"https:\/\/www.fast-lebenszeichnend.de\/?page_id=6","title":{"rendered":"\u00dcber mich"},"content":{"rendered":"\n<p class=\"has-drop-cap\">Hallo, ich bin Gerrit. Ich arbeite an dieser Seite einfach zum Spa\u00df und um ein wenig \u00fcber WordPress zu lernen. Ich spiele gerne Gitarre, ich gehe ab und an laufen. Wie ich diese Seite genau nutzen werden, wei\u00df ich noch nicht. Aber vielleicht ver\u00f6ffentliche ich ein paar n\u00fctzliche Dinge, die mich bisweilen besch\u00e4ftigen.<\/p>\n","protected":false},"excerpt":{"rendered":"<p>Hallo, ich bin Gerrit. Ich arbeite an dieser Seite einfach zum Spa\u00df und um ein wenig \u00fcber WordPress zu lernen. Ich spiele gerne Gitarre, ich gehe ab und an laufen. Wie ich diese Seite genau nutzen werden, wei\u00df ich noch nicht. Aber vielleicht ver\u00f6ffentliche ich ein paar n\u00fctzliche Dinge, die mich bisweilen besch\u00e4ftigen.<\/p>\n","protected":false},"author":1,"featured_media":0,"parent":0,"menu_order":0,"comment_status":"closed","ping_status":"closed","template":"","meta":{"footnotes":""},"class_list":["post-6","page","type-page","status-publish","hentry"],"_links":{"self":[{"href":"https:\/\/www.fast-lebenszeichnend.de\/index.php?rest_route=\/wp\/v2\/pages\/6","targetHints":{"allow":["GET"]}}],"collection":[{"href":"https:\/\/www.fast-lebenszeichnend.de\/index.php?rest_route=\/wp\/v2\/pages"}],"about":[{"href":"https:\/\/www.fast-lebenszeichnend.de\/index.php?rest_route=\/wp\/v2\/types\/page"}],"author":[{"embeddable":true,"href":"https:\/\/www.fast-lebenszeichnend.de\/index.php?rest_route=\/wp\/v2\/users\/1"}],"replies":[{"embeddable":true,"href":"https:\/\/www.fast-lebenszeichnend.de\/index.php?rest_route=%2Fwp%2Fv2%2Fcomments&post=6"}],"version-history":[{"count":3,"href":"https:\/\/www.fast-lebenszeichnend.de\/index.php?rest_route=\/wp\/v2\/pages\/6\/revisions"}],"predecessor-version":[{"id":51,"href":"https:\/\/www.fast-lebenszeichnend.de\/index.php?rest_route=\/wp\/v2\/pages\/6\/revisions\/51"}],"wp:attachment":[{"href":"https:\/\/www.fast-lebenszeichnend.de\/index.php?rest_route=%2Fwp%2Fv2%2Fmedia&parent=6"}],"curies":[{"name":"wp","href":"https:\/\/api.w.org\/{rel}","templated":true}]}}